{"id":7120,"date":"2022-10-01T00:37:36","date_gmt":"2022-10-01T00:37:36","guid":{"rendered":"https:\/\/lavantaexport.com\/?page_id=7120"},"modified":"2022-10-01T00:37:36","modified_gmt":"2022-10-01T00:37:36","slug":"hava-tasimaciligi","status":"publish","type":"page","link":"https:\/\/lavantaexport.com\/index.php\/hava-tasimaciligi\/","title":{"rendered":"Hava Ta\u015f\u0131mac\u0131l\u0131\u011f\u0131"},"content":{"rendered":"<p>[vc_row full_width=&#8221;stretch_row&#8221; full_height=&#8221;yes&#8221; content_placement=&#8221;middle&#8221; woodmart_css_id=&#8221;6337853fc8633&#8243; responsive_spacing=&#8221;eyJwYXJhbV90eXBlIjoid29vZG1hcnRfcmVzcG9uc2l2ZV9zcGFjaW5nIiwic2VsZWN0b3JfaWQiOiI2MzM3ODUzZmM4NjMzIiwic2hvcnRjb2RlIjoidmNfcm93IiwiZGF0YSI6eyJ0YWJsZXQiOnt9LCJtb2JpbGUiOnt9fX0=&#8221; mobile_bg_img_hidden=&#8221;no&#8221; tablet_bg_img_hidden=&#8221;no&#8221; woodmart_parallax=&#8221;0&#8243; woodmart_gradient_switch=&#8221;no&#8221; woodmart_box_shadow=&#8221;no&#8221; wd_z_index=&#8221;no&#8221; woodmart_disable_overflow=&#8221;0&#8243; row_reverse_mobile=&#8221;0&#8243; row_reverse_tablet=&#8221;0&#8243; css=&#8221;.vc_custom_1664582980174{margin-top: -60px !important;margin-bottom: -40px !important;background-image: url(https:\/\/lavantaexport.com\/wp-content\/uploads\/2022\/10\/banner-1.png?id=7113) !important;background-position: center !important;background-repeat: no-repeat !important;background-size: cover !important;}&#8221;][vc_column width=&#8221;2\/3&#8243;]\t\t\t<link rel=\"stylesheet\" id=\"wd-banner-css\" href=\"https:\/\/lavantaexport.com\/wp-content\/themes\/woodmart\/css\/parts\/wpb-el-banner.min.css?ver=6.2.4\" type=\"text\/css\" media=\"all\" \/> \t\t\t\t\t<div class=\"promo-banner-wrapper  wd-rs-63378bc3b7222 \">\n\t\t\t<div id=\"wd-63378bc3b7222\" class=\"promo-banner  banner-mask banner-hover-zoom color-scheme-light banner-btn-size-default banner-btn-style-default wd-underline-colored \"\n\t\t\t\t\t\t\t>\n\t\t\t\t<div class=\"main-wrapp-img\">\n\t\t\t\t\t<div class=\"banner-image wd-bg-position-center wd-without-height\" >\n\t\t\t\t\t\t<img loading=\"lazy\" decoding=\"async\" class=\"promo-banner-image \" src=\"https:\/\/lavantaexport.com\/wp-content\/uploads\/2022\/09\/havayolu-800x600.jpg\" width=\"800\" height=\"600\" alt=\"havayolu\" title=\"havayolu\" \/>\t\t\t\t\t<\/div>\n\t\t\t\t<\/div>\n\n\t\t\t\t<div class=\"wrapper-content-banner wd-fill  wd-items-top wd-justify-left\">\n\t\t\t\t\t<div class=\"content-banner text-left wd-width-100\">\n\t\t\t\t\t\t<div class=\"banner-title-wrap\">\n\t\t\t\t\t\t\t\t\t\t\t\t\t<\/div>\n\t\t\t\t\t\t\t\t\t\t\t\t\t\t\t\t\t<\/div>\n\t\t\t\t<\/div>\n\t\t\t\t\t\t\t<\/div>\n\t\t<\/div>\n\n\t\t[\/vc_column][vc_column width=&#8221;1\/3&#8243;][vc_column_text woodmart_inline=&#8221;no&#8221; text_larger=&#8221;no&#8221;]<\/p>\n<blockquote>\n<h2 style=\"text-align: left; font-family: Montserrat;\"><strong>HAVA TA\u015eIMACILI\u011eI<br \/>\n<\/strong><\/h2>\n<p style=\"text-align: left; font-family: Montserrat;\">Hava ta\u015f\u0131mac\u0131l\u0131\u011f\u0131 alan\u0131nda en iyi hava yolu \u015firketleri ile i\u015fbirli\u011fi halinde \u00e7al\u0131\u015f\u0131yor ve d\u00fcnyan\u0131n her yerinden d\u00fcnya standartlar\u0131nda ticari hava ta\u015f\u0131mac\u0131l\u0131\u011f\u0131 hizmet\u0130 sunmaktan memnuniyet duyuyoruz ve bu hizmetimizi de en iyi fiyat teklifi ile g\u00fcvenceye al\u0131yoruz..<\/p>\n<\/blockquote>\n<p>[\/vc_column_text][\/vc_column][\/vc_row]<\/p>\n","protected":false},"excerpt":{"rendered":"<p>[vc_row full_width=&#8221;stretch_row&#8221; full_height=&#8221;yes&#8221; content_placement=&#8221;middle&#8221; woodmart_css_id=&#8221;6337853fc8633&#8243; responsive_spacing=&#8221;eyJwYXJhbV90eXBlIjoid29vZG1hcnRfcmVzcG9uc2l2ZV9zcGFjaW5nIiwic2VsZWN0b3JfaWQiOiI2MzM3ODUzZmM4NjMzIiwic2hvcnRjb2RlIjoidmNfcm93IiwiZGF0YSI6eyJ0YWJsZXQiOnt9LCJtb2JpbGUiOnt9fX0=&#8221; mobile_bg_img_hidden=&#8221;no&#8221; tablet_bg_img_hidden=&#8221;no&#8221; woodmart_parallax=&#8221;0&#8243; woodmart_gradient_switch=&#8221;no&#8221; woodmart_box_shadow=&#8221;no&#8221; wd_z_index=&#8221;no&#8221; woodmart_disable_overflow=&#8221;0&#8243; row_reverse_mobile=&#8221;0&#8243; row_reverse_tablet=&#8221;0&#8243; css=&#8221;.vc_custom_1664582980174{margin-top: -60px !important;margin-bottom: -40px !important;background-image:<\/p>\n","protected":false},"author":1,"featured_media":0,"parent":0,"menu_order":0,"comment_status":"closed","ping_status":"closed","template":"","meta":{"footnotes":""},"class_list":["post-7120","page","type-page","status-publish","hentry"],"_links":{"self":[{"href":"https:\/\/lavantaexport.com\/index.php\/wp-json\/wp\/v2\/pages\/7120","targetHints":{"allow":["GET"]}}],"collection":[{"href":"https:\/\/lavantaexport.com\/index.php\/wp-json\/wp\/v2\/pages"}],"about":[{"href":"https:\/\/lavantaexport.com\/index.php\/wp-json\/wp\/v2\/types\/page"}],"author":[{"embeddable":true,"href":"https:\/\/lavantaexport.com\/index.php\/wp-json\/wp\/v2\/users\/1"}],"replies":[{"embeddable":true,"href":"https:\/\/lavantaexport.com\/index.php\/wp-json\/wp\/v2\/comments?post=7120"}],"version-history":[{"count":1,"href":"https:\/\/lavantaexport.com\/index.php\/wp-json\/wp\/v2\/pages\/7120\/revisions"}],"predecessor-version":[{"id":7121,"href":"https:\/\/lavantaexport.com\/index.php\/wp-json\/wp\/v2\/pages\/7120\/revisions\/7121"}],"wp:attachment":[{"href":"https:\/\/lavantaexport.com\/index.php\/wp-json\/wp\/v2\/media?parent=7120"}],"curies":[{"name":"wp","href":"https:\/\/api.w.org\/{rel}","templated":true}]}}